{"id":455,"date":"2019-10-10T23:38:26","date_gmt":"2019-10-10T21:38:26","guid":{"rendered":"https:\/\/www.pinguytaz.net\/?page_id=455"},"modified":"2019-10-10T23:38:26","modified_gmt":"2019-10-10T21:38:26","slug":"proyectos","status":"publish","type":"page","link":"https:\/\/www.pinguytaz.net\/index.php\/proyectos\/","title":{"rendered":"Proyectos"},"content":{"rendered":"\n<p>Tenemos varios proyectos: Herramientas, cuadernos t\u00e9cnicos, que en principio estar\u00e1n en <a href=\"https:\/\/github.com\/pinguytaz\">GitHub<\/a> aunque no todos.<\/p>\n\n\n\n<h4 class=\"wp-block-heading\">Cuadernos T\u00e9cnicos<\/h4>\n\n\n\n<ol class=\"wp-block-list\"><li><strong><em><a href=\"https:\/\/github.com\/pinguytaz\/libros\/blob\/master\/Cinelerra_I.pdf\">Cinelerra<\/a><\/em><\/strong> Manual de edici\u00f3n de V\u00eddeo con el editor \u00abCinelerra\u00bb <\/li><li><strong><em><a href=\"https:\/\/github.com\/pinguytaz\/libros\/blob\/master\/MPaP.pdf\">MPaP<\/a><\/em><\/strong> Manual t\u00e9cnico de motores paso a paso, as\u00ed como definici\u00f3n de la librer\u00eda creada para usarla en Arduino.<\/li><li><strong><em><a href=\"https:\/\/github.com\/pinguytaz\/libros\/blob\/master\/RFID.pdf\">RFID<\/a><\/em><\/strong> Informaci\u00f3n de RFID, como leerlas y escribirlas con Arduino.<\/li><\/ol>\n\n\n\n<h4 class=\"wp-block-heading\">Proyectos de seguridad<\/h4>\n\n\n\n<ol class=\"wp-block-list\"><li><strong><em><a href=\"https:\/\/github.com\/pinguytaz\/enum_vectores_escalada\">enum_vectores_escalada<\/a><\/em><\/strong>  Liberia (Realizada en <em>Ruby<\/em>) para MetaSploit para la b\u00fasqueda de  vectores de escalada de privilegios en Linux y MacOS.<\/li><li><em><strong><a href=\"https:\/\/github.com\/pinguytaz\/MisPython\">MisPython<\/a><\/strong><\/em> Peque\u00f1os Script escritos en <em>Python<\/em> para ayudas en Pentesting: Obtenci\u00f3n Metadatos en PDFs, B\u00fasqueda de usuarios en p\u00e1ginas web como WORDPRESS e Informaci\u00f3n DNS-WHO.<\/li><li><strong><em><a href=\"https:\/\/github.com\/pinguytaz\/RATCP8\">RATCP8<\/a><\/em><\/strong> Desarrollo de un RAT b\u00e1sico en Python.<\/li><\/ol>\n\n\n\n<h4 class=\"wp-block-heading\">Notas CTFs<\/h4>\n\n\n\n<p>Notas de algunos retos de captura de bandera, la idea no es dar la resoluci\u00f3n sino las notas que tomamos durante la captura de bandera (por eso son PDFs generados de la herramienta CherryTree) y la idea es no usar siempre las mismas herramientas (aunque si la metodolog\u00eda que se va depurando con las diferentes capturas) para conocer variadas formas de lograr los objetivos as\u00ed como herramientas y desarrollo de nuestros propios script.<\/p>\n\n\n\n<ul class=\"wp-block-list\"><li><strong><em><a href=\"https:\/\/github.com\/pinguytaz\/libros\/blob\/master\/CTFs_MrRobot.pdf\">Mr. Robot<\/a><\/em><\/strong> (localizaci\u00f3n y explotaci\u00f3n de escalada de privilegios SUID)<\/li><li><strong><em><a href=\"https:\/\/github.com\/pinguytaz\/libros\/blob\/master\/CTF_Kioptrix1.pdf\">Kioptrix1<\/a><\/em><\/strong> (Vulnerabilidades SAMBA, mod_SSL, escalada privilegios Linux)<\/li><li>Kioptrix2   Pr\u00f3ximamente <\/li><\/ul>\n","protected":false},"excerpt":{"rendered":"<p>Tenemos varios proyectos: Herramientas, cuadernos t\u00e9cnicos, que en principio estar\u00e1n en GitHub aunque no todos. Cuadernos T\u00e9cnicos Cinelerra Manual de edici\u00f3n de V\u00eddeo con el editor \u00abCinelerra\u00bb MPaP Manual t\u00e9cnico de motores paso a paso, as\u00ed como definici\u00f3n de la librer\u00eda creada para usarla en Arduino. RFID Informaci\u00f3n de RFID, como leerlas y escribirlas con [&hellip;]<\/p>\n","protected":false},"author":1,"featured_media":0,"parent":0,"menu_order":0,"comment_status":"closed","ping_status":"closed","template":"","meta":{"site-container-style":"default","site-container-layout":"default","site-sidebar-layout":"default","disable-article-header":"default","disable-site-header":"default","disable-site-footer":"default","disable-content-area-spacing":"default","footnotes":""},"class_list":["post-455","page","type-page","status-publish","hentry"],"_links":{"self":[{"href":"https:\/\/www.pinguytaz.net\/index.php\/wp-json\/wp\/v2\/pages\/455","targetHints":{"allow":["GET"]}}],"collection":[{"href":"https:\/\/www.pinguytaz.net\/index.php\/wp-json\/wp\/v2\/pages"}],"about":[{"href":"https:\/\/www.pinguytaz.net\/index.php\/wp-json\/wp\/v2\/types\/page"}],"author":[{"embeddable":true,"href":"https:\/\/www.pinguytaz.net\/index.php\/wp-json\/wp\/v2\/users\/1"}],"replies":[{"embeddable":true,"href":"https:\/\/www.pinguytaz.net\/index.php\/wp-json\/wp\/v2\/comments?post=455"}],"version-history":[{"count":1,"href":"https:\/\/www.pinguytaz.net\/index.php\/wp-json\/wp\/v2\/pages\/455\/revisions"}],"predecessor-version":[{"id":456,"href":"https:\/\/www.pinguytaz.net\/index.php\/wp-json\/wp\/v2\/pages\/455\/revisions\/456"}],"wp:attachment":[{"href":"https:\/\/www.pinguytaz.net\/index.php\/wp-json\/wp\/v2\/media?parent=455"}],"curies":[{"name":"wp","href":"https:\/\/api.w.org\/{rel}","templated":true}]}}